{"id":706,"date":"2019-05-20T21:06:34","date_gmt":"2019-05-20T21:06:34","guid":{"rendered":"https:\/\/democontent.codex-themes.com\/sites-elementor\/digital-marketing\/?page_id=706"},"modified":"2022-11-21T11:40:23","modified_gmt":"2022-11-21T10:40:23","slug":"404-2","status":"publish","type":"page","link":"https:\/\/expandiainternational.com\/en\/404-2\/","title":{"rendered":"404 | Expandia International"},"content":{"rendered":"<div data-elementor-type=\"wp-page\" data-elementor-id=\"706\" class=\"elementor elementor-706\">\n\t\t\t\t\t\t<div class=\"elementor-inner\">\n\t\t\t\t<div class=\"elementor-section-wrap\">\n\t\t\t\t\t\t\t\t\t<section class=\"elementor-section elementor-top-section elementor-element elementor-element-3798aa3 elementor-section-boxed elementor-section-height-default elementor-section-height-default\" data-id=\"3798aa3\" data-element_type=\"section\" data-settings=\"{&quot;background_background&quot;:&quot;classic&quot;}\">\n\t\t\t\t\t\t<div class=\"elementor-container elementor-column-gap-thegem\">\n\t\t\t\t\t\t\t<div class=\"elementor-row\">\n\t\t\t\t\t<div class=\"elementor-column elementor-col-100 elementor-top-column elementor-element elementor-element-79c547a\" data-id=\"79c547a\" data-element_type=\"column\">\n\t\t\t<div class=\"elementor-column-wrap elementor-element-populated\">\n\t\t\t\t\t\t\t<div class=\"elementor-widget-wrap\">\n\t\t\t\t\t\t<div class=\"elementor-element elementor-element-0ed4908 flex-horizontal-align-default flex-horizontal-align-tablet-default flex-horizontal-align-mobile-default flex-vertical-align-default flex-vertical-align-tablet-default flex-vertical-align-mobile-default elementor-widget elementor-widget-html\" data-id=\"0ed4908\" data-element_type=\"widget\" data-widget_type=\"html.default\">\n\t\t\t\t<div class=\"elementor-widget-container\">\n\t\t\t<svg viewbox=\"0 0 600 170\">\r\n\r\n  <!-- Gradient -->\r\n  <lineargradient id=\"gr-simple\" x1=\"0\" y1=\"0\" x2=\"100%\" y2=\"100%\">\r\n    <stop stop-color=\"#4BBCEA\" offset=\"0%\"\/>\r\n    <stop stop-color=\"#4BBCEA\" offset=\"100%\"\/>\r\n  <\/lineargradient>\r\n\r\n  <!-- Text -->\r\n  <text text-anchor=\"middle\"\r\n        x=\"50%\"\r\n        y=\"50%\"\r\n        dy=\".35em\"\r\n        class=\"text title-h1 light\"\r\n        style=\"fill: url(#gr-simple); font-size: 230px; line-height: 1;\"\r\n        >\r\n    404\r\n  <\/text>\r\n<\/svg>\t\t<\/div>\n\t\t\t\t<\/div>\n\t\t\t\t<div class=\"elementor-element elementor-element-3ce2414 flex-horizontal-align-default flex-horizontal-align-tablet-default flex-horizontal-align-mobile-default flex-vertical-align-default flex-vertical-align-tablet-default flex-vertical-align-mobile-default elementor-widget elementor-widget-heading\" data-id=\"3ce2414\" data-element_type=\"widget\" data-widget_type=\"heading.default\">\n\t\t\t\t<div class=\"elementor-widget-container\">\n\t\t\t<style>\/*! elementor - v3.7.7 - 20-09-2022 *\/\n.elementor-heading-title{padding:0;margin:0;line-height:1}.elementor-widget-heading .elementor-heading-title[class*=elementor-size-]>a{color:inherit;font-size:inherit;line-height:inherit}.elementor-widget-heading .elementor-heading-title.elementor-size-small{font-size:15px}.elementor-widget-heading .elementor-heading-title.elementor-size-medium{font-size:19px}.elementor-widget-heading .elementor-heading-title.elementor-size-large{font-size:29px}.elementor-widget-heading .elementor-heading-title.elementor-size-xl{font-size:39px}.elementor-widget-heading .elementor-heading-title.elementor-size-xxl{font-size:59px}<\/style><div class=\"title-h2 elementor-heading-title elementor-size-default\">P\u00c1GINA NO ENCONTRADA<\/div>\t\t<\/div>\n\t\t\t\t<\/div>\n\t\t\t\t<div class=\"elementor-element elementor-element-54c1f6f flex-horizontal-align-default flex-horizontal-align-tablet-default flex-horizontal-align-mobile-default flex-vertical-align-default flex-vertical-align-tablet-default flex-vertical-align-mobile-default elementor-widget elementor-widget-text-editor\" data-id=\"54c1f6f\" data-element_type=\"widget\" data-widget_type=\"text-editor.default\">\n\t\t\t\t<div class=\"elementor-widget-container\">\n\t\t\t<style>\/*! elementor - v3.7.7 - 20-09-2022 *\/\n.elementor-widget-text-editor.elementor-drop-cap-view-stacked .elementor-drop-cap{background-color:#818a91;color:#fff}.elementor-widget-text-editor.elementor-drop-cap-view-framed .elementor-drop-cap{color:#818a91;border:3px solid;background-color:transparent}.elementor-widget-text-editor:not(.elementor-drop-cap-view-default) .elementor-drop-cap{margin-top:8px}.elementor-widget-text-editor:not(.elementor-drop-cap-view-default) .elementor-drop-cap-letter{width:1em;height:1em}.elementor-widget-text-editor .elementor-drop-cap{float:left;text-align:center;line-height:1;font-size:50px}.elementor-widget-text-editor .elementor-drop-cap-letter{display:inline-block}<\/style>\t\t\t\t\t<div class=\"elementor-text-editor elementor-clearfix\">\n\t\t\t\t<div class=\"styled-subtitle\" style=\"color: #000000;\">Lo sentimos. La p\u00e1gina que intentas visitar no existe o no est\u00e1 disponible. Puedes volver\u00a0a nuestra <a style=\"color: #ffffff; background-color: #4bbcea; padding: 2px 10px;\" href=\"https:\/\/expandiainternational.com\/en\/\">p\u00e1gina de inicio<\/a>\u00a0o volver a <a style=\"color: #ffffff; background-color: #4bbcea; padding: 2px 10px;\">buscar<\/a><\/div>\t\t\t\t\t<\/div>\n\t\t\t\t\t\t<\/div>\n\t\t\t\t<\/div>\n\t\t\t\t<div class=\"elementor-element elementor-element-e5d0949 flex-horizontal-align-default flex-horizontal-align-tablet-default flex-horizontal-align-mobile-default flex-vertical-align-default flex-vertical-align-tablet-default flex-vertical-align-mobile-default elementor-widget elementor-widget-thegem-searchbar\" data-id=\"e5d0949\" data-element_type=\"widget\" data-settings=\"{&quot;thegem_elementor_preset&quot;:&quot;dark&quot;,&quot;add_icon&quot;:&quot;yes&quot;}\" data-widget_type=\"thegem-searchbar.default\">\n\t\t\t\t<div class=\"elementor-widget-container\">\n\t\t\t\n\t\t<div class=\"gem-search-form gem-search-form-style-dark gem-search-form-submit-inside  gem-search-form-submit-icon-\">\n\t\t\t<form role=\"search\" method=\"get\" class=\"search-form\" action=\"https:\/\/expandiainternational.com\/en\/\" data-trp-original-action=\"https:\/\/expandiainternational.com\/en\/\">\n\t\t\t\t\t\t\t\t<input class=\"search-field\" type=\"search\" name=\"s\" placeholder=\"Search for...\" \/>\n\t\t\t\t<button class=\"gem-button gem-button-size-normal gem-button-style-flat search-submit gem-button-text-weight-thin\" type=\"submit\">\n\t\t\t\t<span class=\"search-submit-icon\"><i aria-hidden=\"true\" class=\"fas fa-search\"><\/i><\/span>\t\t\t\t<\/button>\n\t\t\t\t\t\t\t<input type=\"hidden\" name=\"trp-form-language\" value=\"en\"\/><\/form>\n\t\t<\/div>\n\n\t\t\t\t<\/div>\n\t\t\t\t<\/div>\n\t\t\t\t\t\t<\/div>\n\t\t\t\t\t<\/div>\n\t\t<\/div>\n\t\t\t\t\t\t\t\t<\/div>\n\t\t\t\t\t<\/div>\n\t\t<\/section>\n\t\t\t\t\t\t\t\t\t<\/div>\n\t\t\t<\/div>\n\t\t\t\t\t<\/div>","protected":false},"excerpt":{"rendered":"<p>404 P\u00c1GINA NO ENCONTRADA Lo sentimos. La p\u00e1gina que intentas visitar no existe o no est\u00e1 disponible. Puedes volver\u00a0a nuestra&#8230;<\/p>","protected":false},"author":2,"featured_media":0,"parent":0,"menu_order":0,"comment_status":"closed","ping_status":"closed","template":"page-fullwidth.php","meta":{"footnotes":""},"class_list":["post-706","page","type-page","status-publish"],"yoast_head":"<!-- This site is optimized with the Yoast SEO plugin v20.3 - https:\/\/yoast.com\/wordpress\/plugins\/seo\/ -->\n<title>404 | Expandia International - Expandia International<\/title>\n<meta name=\"robots\" content=\"index, follow, max-snippet:-1, max-image-preview:large, max-video-preview:-1\" \/>\n<link rel=\"canonical\" href=\"https:\/\/expandiainternational.com\/en\/404-2\/\" \/>\n<meta property=\"og:locale\" content=\"en_GB\" \/>\n<meta property=\"og:type\" content=\"article\" \/>\n<meta property=\"og:title\" content=\"404 | Expandia International - Expandia International\" \/>\n<meta property=\"og:description\" content=\"404 P\u00c1GINA NO ENCONTRADA Lo sentimos. La p\u00e1gina que intentas visitar no existe o no est\u00e1 disponible. Puedes volver\u00a0a nuestra...\" \/>\n<meta property=\"og:url\" content=\"https:\/\/expandiainternational.com\/en\/404-2\/\" \/>\n<meta property=\"og:site_name\" content=\"Expandia International\" \/>\n<meta property=\"article:publisher\" content=\"https:\/\/www.facebook.com\/expandiainternational\" \/>\n<meta property=\"article:modified_time\" content=\"2022-11-21T10:40:23+00:00\" \/>\n<meta property=\"og:image\" content=\"https:\/\/i0.wp.com\/expandiainternational.com\/wp-content\/uploads\/2023\/01\/logo-expandia-izq.png?fit=3322%2C1039&ssl=1\" \/>\n\t<meta property=\"og:image:width\" content=\"3322\" \/>\n\t<meta property=\"og:image:height\" content=\"1039\" \/>\n\t<meta property=\"og:image:type\" content=\"image\/png\" \/>\n<meta name=\"twitter:card\" content=\"summary_large_image\" \/>\n<meta name=\"twitter:site\" content=\"@expandia_int\" \/>\n<script type=\"application\/ld+json\" class=\"yoast-schema-graph\">{\"@context\":\"https:\/\/schema.org\",\"@graph\":[{\"@type\":\"WebPage\",\"@id\":\"https:\/\/expandiainternational.com\/404-2\/\",\"url\":\"https:\/\/expandiainternational.com\/404-2\/\",\"name\":\"404 | Expandia International - Expandia International\",\"isPartOf\":{\"@id\":\"https:\/\/expandiainternational.com\/#website\"},\"datePublished\":\"2019-05-20T21:06:34+00:00\",\"dateModified\":\"2022-11-21T10:40:23+00:00\",\"breadcrumb\":{\"@id\":\"https:\/\/expandiainternational.com\/404-2\/#breadcrumb\"},\"inLanguage\":\"en-GB\",\"potentialAction\":[{\"@type\":\"ReadAction\",\"target\":[\"https:\/\/expandiainternational.com\/404-2\/\"]}]},{\"@type\":\"BreadcrumbList\",\"@id\":\"https:\/\/expandiainternational.com\/404-2\/#breadcrumb\",\"itemListElement\":[{\"@type\":\"ListItem\",\"position\":1,\"name\":\"Portada\",\"item\":\"https:\/\/expandiainternational.com\/\"},{\"@type\":\"ListItem\",\"position\":2,\"name\":\"404 | Expandia International\"}]},{\"@type\":\"WebSite\",\"@id\":\"https:\/\/expandiainternational.com\/#website\",\"url\":\"https:\/\/expandiainternational.com\/\",\"name\":\"Expandia International\",\"description\":\"We are a professional services firm based in Casablanca. Our mission is to advise &amp; support foreign companies to expand successfully their business in Morocco.\",\"publisher\":{\"@id\":\"https:\/\/expandiainternational.com\/#organization\"},\"potentialAction\":[{\"@type\":\"SearchAction\",\"target\":{\"@type\":\"EntryPoint\",\"urlTemplate\":\"https:\/\/expandiainternational.com\/?s={search_term_string}\"},\"query-input\":\"required name=search_term_string\"}],\"inLanguage\":\"en-GB\"},{\"@type\":\"Organization\",\"@id\":\"https:\/\/expandiainternational.com\/#organization\",\"name\":\"Expandia International\",\"url\":\"https:\/\/expandiainternational.com\/\",\"logo\":{\"@type\":\"ImageObject\",\"inLanguage\":\"en-GB\",\"@id\":\"https:\/\/expandiainternational.com\/#\/schema\/logo\/image\/\",\"url\":\"https:\/\/i0.wp.com\/expandiainternational.com\/wp-content\/uploads\/2023\/01\/logo-expandia-izq.png?fit=3322%2C1039&ssl=1\",\"contentUrl\":\"https:\/\/i0.wp.com\/expandiainternational.com\/wp-content\/uploads\/2023\/01\/logo-expandia-izq.png?fit=3322%2C1039&ssl=1\",\"width\":3322,\"height\":1039,\"caption\":\"Expandia International\"},\"image\":{\"@id\":\"https:\/\/expandiainternational.com\/#\/schema\/logo\/image\/\"},\"sameAs\":[\"https:\/\/www.facebook.com\/expandiainternational\",\"https:\/\/twitter.com\/expandia_int\",\"https:\/\/www.instagram.com\/expandiainternational\/\",\"https:\/\/www.linkedin.com\/company\/expandiainternational\/\"]}]}<\/script>\n<!-- \/ Yoast SEO plugin. -->","yoast_head_json":{"title":"404 | Expandia International - Expandia International","robots":{"index":"index","follow":"follow","max-snippet":"max-snippet:-1","max-image-preview":"max-image-preview:large","max-video-preview":"max-video-preview:-1"},"canonical":"https:\/\/expandiainternational.com\/en\/404-2\/","og_locale":"en_GB","og_type":"article","og_title":"404 | Expandia International - Expandia International","og_description":"404 P\u00c1GINA NO ENCONTRADA Lo sentimos. La p\u00e1gina que intentas visitar no existe o no est\u00e1 disponible. Puedes volver\u00a0a nuestra...","og_url":"https:\/\/expandiainternational.com\/en\/404-2\/","og_site_name":"Expandia International","article_publisher":"https:\/\/www.facebook.com\/expandiainternational","article_modified_time":"2022-11-21T10:40:23+00:00","og_image":[{"width":3322,"height":1039,"url":"https:\/\/i0.wp.com\/expandiainternational.com\/wp-content\/uploads\/2023\/01\/logo-expandia-izq.png?fit=3322%2C1039&ssl=1","type":"image\/png"}],"twitter_card":"summary_large_image","twitter_site":"@expandia_int","schema":{"@context":"https:\/\/schema.org","@graph":[{"@type":"WebPage","@id":"https:\/\/expandiainternational.com\/404-2\/","url":"https:\/\/expandiainternational.com\/404-2\/","name":"404 | Expandia International - Expandia International","isPartOf":{"@id":"https:\/\/expandiainternational.com\/#website"},"datePublished":"2019-05-20T21:06:34+00:00","dateModified":"2022-11-21T10:40:23+00:00","breadcrumb":{"@id":"https:\/\/expandiainternational.com\/404-2\/#breadcrumb"},"inLanguage":"en-GB","potentialAction":[{"@type":"ReadAction","target":["https:\/\/expandiainternational.com\/404-2\/"]}]},{"@type":"BreadcrumbList","@id":"https:\/\/expandiainternational.com\/404-2\/#breadcrumb","itemListElement":[{"@type":"ListItem","position":1,"name":"Portada","item":"https:\/\/expandiainternational.com\/"},{"@type":"ListItem","position":2,"name":"404 | Expandia International"}]},{"@type":"WebSite","@id":"https:\/\/expandiainternational.com\/#website","url":"https:\/\/expandiainternational.com\/","name":"Expandia International","description":"We are a professional services firm based in Casablanca. Our mission is to advise &amp; support foreign companies to expand successfully their business in Morocco.","publisher":{"@id":"https:\/\/expandiainternational.com\/#organization"},"potentialAction":[{"@type":"SearchAction","target":{"@type":"EntryPoint","urlTemplate":"https:\/\/expandiainternational.com\/?s={search_term_string}"},"query-input":"required name=search_term_string"}],"inLanguage":"en-GB"},{"@type":"Organization","@id":"https:\/\/expandiainternational.com\/#organization","name":"Expandia International","url":"https:\/\/expandiainternational.com\/","logo":{"@type":"ImageObject","inLanguage":"en-GB","@id":"https:\/\/expandiainternational.com\/#\/schema\/logo\/image\/","url":"https:\/\/i0.wp.com\/expandiainternational.com\/wp-content\/uploads\/2023\/01\/logo-expandia-izq.png?fit=3322%2C1039&ssl=1","contentUrl":"https:\/\/i0.wp.com\/expandiainternational.com\/wp-content\/uploads\/2023\/01\/logo-expandia-izq.png?fit=3322%2C1039&ssl=1","width":3322,"height":1039,"caption":"Expandia International"},"image":{"@id":"https:\/\/expandiainternational.com\/#\/schema\/logo\/image\/"},"sameAs":["https:\/\/www.facebook.com\/expandiainternational","https:\/\/twitter.com\/expandia_int","https:\/\/www.instagram.com\/expandiainternational\/","https:\/\/www.linkedin.com\/company\/expandiainternational\/"]}]}},"_links":{"self":[{"href":"https:\/\/expandiainternational.com\/en\/wp-json\/wp\/v2\/pages\/706","targetHints":{"allow":["GET"]}}],"collection":[{"href":"https:\/\/expandiainternational.com\/en\/wp-json\/wp\/v2\/pages"}],"about":[{"href":"https:\/\/expandiainternational.com\/en\/wp-json\/wp\/v2\/types\/page"}],"author":[{"embeddable":true,"href":"https:\/\/expandiainternational.com\/en\/wp-json\/wp\/v2\/users\/2"}],"replies":[{"embeddable":true,"href":"https:\/\/expandiainternational.com\/en\/wp-json\/wp\/v2\/comments?post=706"}],"version-history":[{"count":0,"href":"https:\/\/expandiainternational.com\/en\/wp-json\/wp\/v2\/pages\/706\/revisions"}],"wp:attachment":[{"href":"https:\/\/expandiainternational.com\/en\/wp-json\/wp\/v2\/media?parent=706"}],"curies":[{"name":"wp","href":"https:\/\/api.w.org\/{rel}","templated":true}]}}